{"id":52,"date":"2020-07-31T10:38:35","date_gmt":"2020-07-31T10:38:35","guid":{"rendered":"https:\/\/ravintolamammas.net.wp1.kotisivut.com\/?page_id=52"},"modified":"2026-04-11T05:15:19","modified_gmt":"2026-04-11T05:15:19","slug":"hyvan-maun-ravintola-mammas-on-leppavirran-sydamessa-sijaitseva-lounasravintola-mammas-tarjoaa-maittavan-kotiruokalounaan-seisovasta-poydasta-arkisin-klo-10-30-14-lounasruoan-lisaksi-noutopoy","status":"publish","type":"page","link":"https:\/\/ravintolamammas.net\/","title":{"rendered":""},"content":{"rendered":"\n<p class=\"has-text-align-center\"><em>Hyv\u00e4n maun ravintola Mamma&#8217;s on Lepp\u00e4virran syd\u00e4mess\u00e4 sijaitseva lounasravintola. <br>Mamma&#8217;s tarjoaa maittavan kotiruokalounaan seisovasta p\u00f6yd\u00e4st\u00e4 arkisin klo 10.30-14 <br>Lounasruoan lis\u00e4ksi noutop\u00f6yt\u00e4 sis\u00e4lt\u00e4\u00e4 runsaan ja raikkaan salaattip\u00f6yd\u00e4n, tuoreet leiv\u00e4t, uunituoreet pizzat, ruokajuomat sek\u00e4 kahvin \/ teen itse tehdyn j\u00e4lkiruoan kanssa.<\/em> Lounaan voit hakea my\u00f6s mukaan.<\/p>\n\n\n\n<p class=\"has-text-align-center\"><strong>LOUNASLISTA VKO 16<\/strong><\/p>\n\n\n\n<p class=\"has-text-align-center\"><strong>MA<\/strong><\/p>\n\n\n\n<p class=\"has-text-align-center\">Palsternakkakeittoa (l, g)<\/p>\n\n\n\n<p class=\"has-text-align-center\">Mamma\u2019sin lihapullia (l) ja perunamuusia (l, g)<\/p>\n\n\n\n<p class=\"has-text-align-center\">Kylm\u00e4savulohirisottoa (l, g)<\/p>\n\n\n\n<p class=\"has-text-align-center\">Raparperipiirakkaa (l, g) ja vaniljakastiketta (l, g)<\/p>\n\n\n\n<p class=\"has-text-align-center\"><strong>TI<\/strong><\/p>\n\n\n\n<p class=\"has-text-align-center\">Tomaatti-linssikeittoa (l, g)<\/p>\n\n\n\n<p class=\"has-text-align-center\">Crispy chicken (l) ja Sriracha creme (l, g)<\/p>\n\n\n\n<p class=\"has-text-align-center\">Pekoninakkeja (l, g) ja lankkuperunaa (l, g)<\/p>\n\n\n\n<p class=\"has-text-align-center\">Mokkapalat (l, g)<\/p>\n\n\n\n<p class=\"has-text-align-center\"><strong>KE<\/strong><\/p>\n\n\n\n<p class=\"has-text-align-center\">Aurajuusto-parsakaalikeittoa (l, g)<\/p>\n\n\n\n<p class=\"has-text-align-center\">Ylikyps\u00e4\u00e4 punaviinipossua (l, g) ja perunamuusia (l, g)<\/p>\n\n\n\n<p class=\"has-text-align-center\">Kasvisbolognesea (l, g) ja spagettia (l)<\/p>\n\n\n\n<p class=\"has-text-align-center\">Domino-mustikkamoussea<\/p>\n\n\n\n<p class=\"has-text-align-center\"><strong>TO<\/strong><\/p>\n\n\n\n<p class=\"has-text-align-center\">Hernekeittoa (l, g)<\/p>\n\n\n\n<p class=\"has-text-align-center\">Jauheliha nachovuokaa (l, g), talon salsaa (l, g) ja riisi\u00e4 (l, g)<\/p>\n\n\n\n<p class=\"has-text-align-center\">Savulohilasagnettea (l)<\/p>\n\n\n\n<p class=\"has-text-align-center\">Pannukakkua (l) ja hilloa<\/p>\n\n\n\n<p class=\"has-text-align-center\"><strong>PE<\/strong><\/p>\n\n\n\n<p class=\"has-text-align-center\">Hunajakermakanaa (l, g) ja kasvisnuudeliwokkia (l)<\/p>\n\n\n\n<p class=\"has-text-align-center\">Burgerit<\/p>\n\n\n\n<p class=\"has-text-align-center\">Ranskalaisia (l, g)<\/p>\n\n\n\n<p class=\"has-text-align-center\">Suklaakakkua (g) ja vaniljakastiketta (l, g)<\/p>\n\n\n\n<p class=\"has-text-align-center\"><strong>Lounas 13,70,- \/hl\u00f6&nbsp;&nbsp;Lapset lasten hinnoin<\/strong><br><strong><br>Mamma&#8217;sin lounas arkisin 10.30-14:00<br>Aukioloaikojen ulkopuolella Mamma\u00b4s tarjoaa tilaus- ja juhlapalvelut.&nbsp;<\/strong><\/p>\n\n\n\n<p><\/p>\n\n\n\n<p class=\"has-text-align-center\"><strong>Olipa tilaisuutesi iso tai pieni meid\u00e4n&nbsp;pitopalvelulta onnistuu kaikki.<\/strong><\/p>\n\n\n\n<p class=\"has-text-align-center\"><strong>Tarjouksen pyyt\u00e4minen ei maksa mit\u00e4\u00e4n.<br>p. (017) 3696 999<br>mammas@ravintolamammas.net<\/strong><\/p>\n\n\n\n<p><\/p>\n","protected":false},"excerpt":{"rendered":"<p>Hyv\u00e4n maun ravintola Mamma&#8217;s on Lepp\u00e4virran syd\u00e4mess\u00e4 sijaitseva lounasravintola. Mamma&#8217;s tarjoaa maittavan kotiruokalounaan seisovasta p\u00f6yd\u00e4st\u00e4 arkisin klo 10.30-14 Lounasruoan lis\u00e4ksi noutop\u00f6yt\u00e4 sis\u00e4lt\u00e4\u00e4 runsaan ja raikkaan salaattip\u00f6yd\u00e4n, tuoreet leiv\u00e4t, uunituoreet pizzat, ruokajuomat sek\u00e4 kahvin \/ teen itse tehdyn j\u00e4lkiruoan kanssa. Lounaan voit hakea my\u00f6s mukaan. LOUNASLISTA VKO 16 MA Palsternakkakeittoa (l, g) Mamma\u2019sin lihapullia (l) ja [&hellip;]<\/p>\n","protected":false},"author":1,"featured_media":0,"parent":0,"menu_order":0,"comment_status":"closed","ping_status":"closed","template":"","meta":{"inline_featured_image":false,"_themeisle_gutenberg_block_has_review":false,"footnotes":""},"class_list":["post-52","page","type-page","status-publish","czr-hentry"],"_links":{"self":[{"href":"https:\/\/ravintolamammas.net\/index.php\/wp-json\/wp\/v2\/pages\/52","targetHints":{"allow":["GET"]}}],"collection":[{"href":"https:\/\/ravintolamammas.net\/index.php\/wp-json\/wp\/v2\/pages"}],"about":[{"href":"https:\/\/ravintolamammas.net\/index.php\/wp-json\/wp\/v2\/types\/page"}],"author":[{"embeddable":true,"href":"https:\/\/ravintolamammas.net\/index.php\/wp-json\/wp\/v2\/users\/1"}],"replies":[{"embeddable":true,"href":"https:\/\/ravintolamammas.net\/index.php\/wp-json\/wp\/v2\/comments?post=52"}],"version-history":[{"count":371,"href":"https:\/\/ravintolamammas.net\/index.php\/wp-json\/wp\/v2\/pages\/52\/revisions"}],"predecessor-version":[{"id":807,"href":"https:\/\/ravintolamammas.net\/index.php\/wp-json\/wp\/v2\/pages\/52\/revisions\/807"}],"wp:attachment":[{"href":"https:\/\/ravintolamammas.net\/index.php\/wp-json\/wp\/v2\/media?parent=52"}],"curies":[{"name":"wp","href":"https:\/\/api.w.org\/{rel}","templated":true}]}}